{"id":11,"date":"2021-04-23T23:54:46","date_gmt":"2021-04-23T20:54:46","guid":{"rendered":"https:\/\/ornektir.net\/durkat\/?page_id=11"},"modified":"2021-04-24T17:04:39","modified_gmt":"2021-04-24T14:04:39","slug":"anasayfa","status":"publish","type":"page","link":"https:\/\/durkat.com.tr\/","title":{"rendered":"Anasayfa"},"content":{"rendered":"<p>[et_pb_section fb_built=&#8221;1&#8243; fullwidth=&#8221;on&#8221; _builder_version=&#8221;4.9.4&#8243; _module_preset=&#8221;default&#8221; top_divider_color=&#8221;#FFFFFF&#8221; top_divider_height=&#8221;45px&#8221; top_divider_flip=&#8221;horizontal&#8221; bottom_divider_style=&#8221;ramp2&#8243; bottom_divider_color=&#8221;#FFFFFF&#8221;][et_pb_fullwidth_header title=&#8221;DURKAT KARTON AMBALAJ TEKNOLOJ\u0130LER\u0130&#8221; subhead=&#8221;\u0130leri Teknoloji H\u0131zl\u0131 \u00c7\u00f6z\u00fcm!&#8221; button_one_text=&#8221;Detayl\u0131 Bilgi&#8221; background_overlay_color=&#8221;rgba(49,52,118,0.73)&#8221; _builder_version=&#8221;4.9.4&#8243; _module_preset=&#8221;default&#8221; title_font=&#8221;Montserrat|600|||||||&#8221; content_font=&#8221;Merriweather|700|||||||&#8221; content_font_size=&#8221;51px&#8221; subhead_font=&#8221;Merriweather|700|||||||&#8221; subhead_font_size=&#8221;46px&#8221; subhead_line_height=&#8221;1.4em&#8221; background_enable_color=&#8221;off&#8221; background_image=&#8221;https:\/\/durkat.com.tr\/wp-content\/uploads\/2021\/04\/Turkiye-ambalaj-sektoru.jpg&#8221; custom_button_one=&#8221;on&#8221; button_one_text_size=&#8221;18px&#8221; button_one_bg_color=&#8221;#4646c4&#8243; button_one_border_width=&#8221;0px&#8221; button_one_border_radius=&#8221;4px&#8221; button_one_font=&#8221;Montserrat|600|||||||&#8221; button_one_use_icon=&#8221;off&#8221; button_one_custom_padding=&#8221;1%||1%||true|false&#8221; custom_margin=&#8221;||||false|false&#8221; custom_padding=&#8221;13%||13%||true|false&#8221;][\/et_pb_fullwidth_header][\/et_pb_section][et_pb_section fb_built=&#8221;1&#8243; inner_shadow=&#8221;on&#8221; admin_label=&#8221;About&#8221; _builder_version=&#8221;4.9.4&#8243; background_color=&#8221;RGBA(0,0,0,0)&#8221; custom_padding=&#8221;100px|0px|100px|0px&#8221;][et_pb_row column_structure=&#8221;2_3,1_3&#8243; use_custom_gutter=&#8221;on&#8221; gutter_width=&#8221;0&#8243; _builder_version=&#8221;3.25&#8243; custom_margin=&#8221;|||&#8221; custom_padding=&#8221;|||&#8221;][et_pb_column type=&#8221;2_3&#8243; _builder_version=&#8221;3.25&#8243; custom_padding=&#8221;|||&#8221; custom_padding__hover=&#8221;|||&#8221;][et_pb_text _builder_version=&#8221;4.9.4&#8243; text_font=&#8221;||||||||&#8221; header_font=&#8221;||||||||&#8221; header_2_font=&#8221;Merriweather|700|||||||&#8221; header_2_font_size=&#8221;40px&#8221; header_2_line_height=&#8221;1.3em&#8221; custom_margin=&#8221;|||&#8221; custom_padding=&#8221;|||&#8221;]<\/p>\n<h2>\u00dcr\u00fcnlerimiz<\/span><\/h2>\n<p>[\/et_pb_text][et_pb_divider color=&#8221;#f7230c&#8221; divider_position=&#8221;center&#8221; divider_weight=&#8221;3px&#8221; _builder_version=&#8221;4.9.4&#8243; max_width=&#8221;90px&#8221; max_width_tablet=&#8221;13%&#8221; max_width_last_edited=&#8221;off|desktop&#8221; custom_margin=&#8221;||||false|false&#8221; custom_padding=&#8221;|||&#8221;][\/et_pb_divider][et_pb_text admin_label=&#8221;description&#8221; _builder_version=&#8221;3.27.4&#8243; text_font=&#8221;||||||||&#8221; text_font_size=&#8221;20px&#8221; text_line_height=&#8221;1.8em&#8221; max_width_tablet=&#8221;89%&#8221; max_width_phone=&#8221;97%&#8221; max_width_last_edited=&#8221;off|desktop&#8221; custom_margin=&#8221;30px|||&#8221; custom_padding=&#8221;|||&#8221;]Mauris blandit aliquet elit, eget tincidunt nibh pulvinar a. Curabitur aliquet quam id dui posuere blandit. Quisque velit nisi, pretium ut lacinia in, elementum id enim.\u00a0Mauris blandit aliquet elit, eget tincidunt nibh pulvinar aliquet quam id dui posuere blandit. Quisque velit nisi, pretium ut<br \/>\n[\/et_pb_text][\/et_pb_column][et_pb_column type=&#8221;1_3&#8243; _builder_version=&#8221;3.25&#8243; custom_padding=&#8221;|||&#8221; custom_padding__hover=&#8221;|||&#8221;][\/et_pb_column][\/et_pb_row][et_pb_row column_structure=&#8221;1_3,1_3,1_3&#8243; _builder_version=&#8221;3.25&#8243; custom_margin=&#8221;|||&#8221; custom_padding=&#8221;|||&#8221;][et_pb_column type=&#8221;1_3&#8243; _builder_version=&#8221;3.25&#8243; background_color=&#8221;#f5f9fb&#8221; custom_padding=&#8221;|||&#8221; custom_padding__hover=&#8221;|||&#8221;][et_pb_image src=&#8221;https:\/\/durkat.com.tr\/wp-content\/uploads\/2021\/04\/karton-kutu-310&#215;174-1.jpg&#8221; title_text=&#8221;karton-kutu-310&#215;174&#8243; show_bottom_space=&#8221;off&#8221; force_fullwidth=&#8221;on&#8221; align_tablet=&#8221;center&#8221; align_phone=&#8221;&#8221; align_last_edited=&#8221;on|desktop&#8221; _builder_version=&#8221;4.9.4&#8243; background_color=&#8221;#FFFFFF&#8221; height=&#8221;200px&#8221; custom_padding=&#8221;||100px||false|false&#8221; animation_style=&#8221;slide&#8221; animation_direction=&#8221;top&#8221; animation_intensity_slide=&#8221;10%&#8221; animation_starting_opacity=&#8221;100%&#8221;][\/et_pb_image][\/et_pb_column][et_pb_column type=&#8221;1_3&#8243; _builder_version=&#8221;3.25&#8243; background_color=&#8221;#f5f9fb&#8221; background_size=&#8221;initial&#8221; background_position=&#8221;bottom_center&#8221; custom_padding=&#8221;|||&#8221; custom_padding__hover=&#8221;|||&#8221;][et_pb_image src=&#8221;https:\/\/durkat.com.tr\/wp-content\/uploads\/2021\/04\/unnamed.jpg&#8221; title_text=&#8221;unnamed&#8221; show_bottom_space=&#8221;off&#8221; force_fullwidth=&#8221;on&#8221; align_tablet=&#8221;center&#8221; align_phone=&#8221;&#8221; align_last_edited=&#8221;on|desktop&#8221; _builder_version=&#8221;4.9.4&#8243; background_color=&#8221;#FFFFFF&#8221; height=&#8221;200px&#8221; custom_padding=&#8221;||100px||false|false&#8221; animation_style=&#8221;slide&#8221; animation_direction=&#8221;top&#8221; animation_intensity_slide=&#8221;10%&#8221; animation_starting_opacity=&#8221;100%&#8221; locked=&#8221;off&#8221;][\/et_pb_image][\/et_pb_column][et_pb_column type=&#8221;1_3&#8243; _builder_version=&#8221;3.25&#8243; background_color=&#8221;#f5f9fb&#8221; custom_padding=&#8221;|||&#8221; custom_padding__hover=&#8221;|||&#8221;][et_pb_image src=&#8221;https:\/\/durkat.com.tr\/wp-content\/uploads\/2021\/04\/ba202005031552525686745.jpg&#8221; title_text=&#8221;ba202005031552525686745&#8243; show_bottom_space=&#8221;off&#8221; force_fullwidth=&#8221;on&#8221; align_tablet=&#8221;center&#8221; align_phone=&#8221;&#8221; align_last_edited=&#8221;on|desktop&#8221; _builder_version=&#8221;4.9.4&#8243; background_color=&#8221;#FFFFFF&#8221; height=&#8221;200px&#8221; custom_padding=&#8221;||100px||false|false&#8221; animation_style=&#8221;slide&#8221; animation_direction=&#8221;top&#8221; animation_intensity_slide=&#8221;10%&#8221; animation_starting_opacity=&#8221;100%&#8221; locked=&#8221;off&#8221;][\/et_pb_image][\/et_pb_column][\/et_pb_row][\/et_pb_section][et_pb_section fb_built=&#8221;1&#8243; inner_shadow=&#8221;on&#8221; admin_label=&#8221;Section 2 &#8211; Speakers&#8221; _builder_version=&#8221;4.9.4&#8243; background_color=&#8221;#f5f9fb&#8221; custom_padding=&#8221;100px|0px|100px|0px&#8221;][et_pb_row column_structure=&#8221;1_3,2_3&#8243; _builder_version=&#8221;3.25&#8243; custom_margin=&#8221;|||&#8221;][et_pb_column type=&#8221;1_3&#8243; _builder_version=&#8221;3.25&#8243; custom_padding=&#8221;|||&#8221; custom_padding__hover=&#8221;|||&#8221;][et_pb_text admin_label=&#8221;Title&#8221; _builder_version=&#8221;4.9.4&#8243; text_font=&#8221;Merriweather|700|||||||&#8221; text_text_color=&#8221;#4646c4&#8243; text_font_size=&#8221;40px&#8221; header_font=&#8221;||||||||&#8221; header_2_font=&#8221;Merriweather|700|||||||&#8221; header_2_font_size=&#8221;40px&#8221; header_2_line_height=&#8221;1.3em&#8221; custom_margin=&#8221;|||&#8221;]<\/p>\n<h2>Hakk\u0131m\u0131zda<\/h2>\n<p>[\/et_pb_text][et_pb_divider color=&#8221;#f7230c&#8221; divider_position=&#8221;center&#8221; divider_weight=&#8221;3px&#8221; _builder_version=&#8221;4.9.4&#8243; max_width=&#8221;90px&#8221; max_width_tablet=&#8221;13%&#8221; max_width_last_edited=&#8221;off|desktop&#8221; custom_margin=&#8221;-10%||||false|false&#8221; custom_padding=&#8221;|||&#8221; locked=&#8221;off&#8221;][\/et_pb_divider][et_pb_button button_text=&#8221;Devam\u0131&#8221; _builder_version=&#8221;4.9.4&#8243; custom_button=&#8221;on&#8221; button_text_size=&#8221;14px&#8221; button_bg_color=&#8221;#4646c4&#8243; button_border_width=&#8221;12px&#8221; button_border_color=&#8221;#4646c4&#8243; button_border_radius=&#8221;4px&#8221; button_letter_spacing=&#8221;1px&#8221; button_font=&#8221;Montserrat|700||on|||||&#8221; button_icon=&#8221;%%3%%&#8221; button_on_hover=&#8221;off&#8221; background_layout=&#8221;dark&#8221; custom_margin=&#8221;|||&#8221; custom_padding=&#8221;|||&#8221; locked=&#8221;off&#8221; button_text_size__hover_enabled=&#8221;off&#8221; button_one_text_size__hover_enabled=&#8221;off&#8221; button_two_text_size__hover_enabled=&#8221;off&#8221; button_text_color__hover_enabled=&#8221;off&#8221; button_one_text_color__hover_enabled=&#8221;off&#8221; button_two_text_color__hover_enabled=&#8221;off&#8221; button_border_width__hover_enabled=&#8221;off&#8221; button_one_border_width__hover_enabled=&#8221;off&#8221; button_two_border_width__hover_enabled=&#8221;off&#8221; button_border_color__hover_enabled=&#8221;off&#8221; button_one_border_color__hover_enabled=&#8221;off&#8221; button_two_border_color__hover_enabled=&#8221;off&#8221; button_border_radius__hover_enabled=&#8221;off&#8221; button_one_border_radius__hover_enabled=&#8221;off&#8221; button_two_border_radius__hover_enabled=&#8221;off&#8221; button_letter_spacing__hover_enabled=&#8221;off&#8221; button_one_letter_spacing__hover_enabled=&#8221;off&#8221; button_two_letter_spacing__hover_enabled=&#8221;off&#8221; button_bg_color__hover_enabled=&#8221;off&#8221; button_one_bg_color__hover_enabled=&#8221;off&#8221; button_two_bg_color__hover_enabled=&#8221;off&#8221;][\/et_pb_button][\/et_pb_column][et_pb_column type=&#8221;2_3&#8243; _builder_version=&#8221;3.25&#8243; custom_padding=&#8221;|||&#8221; custom_padding__hover=&#8221;|||&#8221;][et_pb_text _builder_version=&#8221;3.27.4&#8243; text_font=&#8221;||||||||&#8221; text_font_size=&#8221;20px&#8221; text_line_height=&#8221;1.8em&#8221; max_width_tablet=&#8221;89%&#8221; max_width_phone=&#8221;97%&#8221; max_width_last_edited=&#8221;off|desktop&#8221; custom_margin=&#8221;|||&#8221; custom_padding=&#8221;|||&#8221;]Mauris blandit aliquet elit, eget tincidunt nibh pulvinar a. Curabitur aliquet quam id dui posuere blandit. Quisque velit nisi, pretium ut lacinia in, elementum id enim.\u00a0Mauris blandit aliquet elit, eget tincidunt nibh pulvinar aliquet quam id dui posuere blandit. Quisque velit nisi, pretium ut lacinia in, elementum id enim.<br \/>\n[\/et_pb_text][\/et_pb_column][\/et_pb_row][\/et_pb_section][et_pb_section fb_built=&#8221;1&#8243; admin_label=&#8221;Contact&#8221; _builder_version=&#8221;4.9.4&#8243; background_color=&#8221;#f5f9fb&#8221; custom_padding=&#8221;0px|0px|0px|0px&#8221; bottom_divider_color=&#8221;#FFFFFF&#8221; bottom_divider_height=&#8221;50px&#8221; animation_style=&#8221;slide&#8221; animation_direction=&#8221;bottom&#8221; animation_intensity_slide=&#8221;20%&#8221; animation_starting_opacity=&#8221;100%&#8221; box_shadow_style=&#8221;preset7&#8243; box_shadow_horizontal=&#8221;0px&#8221; box_shadow_vertical=&#8221;80px&#8221; box_shadow_spread=&#8221;-14px&#8221; box_shadow_color=&#8221;#ffffff&#8221; locked=&#8221;off&#8221;][et_pb_row column_structure=&#8221;1_2,1_2&#8243; use_custom_gutter=&#8221;on&#8221; gutter_width=&#8221;1&#8243; make_equal=&#8221;on&#8221; admin_label=&#8221;Contact Row&#8221; module_class=&#8221; et_pb_row_fullwidth&#8221; _builder_version=&#8221;4.9.4&#8243; width=&#8221;100%&#8221; width_tablet=&#8221;100%&#8221; width_phone=&#8221;&#8221; width_last_edited=&#8221;on|desktop&#8221; max_width=&#8221;100%&#8221; max_width_tablet=&#8221;100%&#8221; max_width_phone=&#8221;&#8221; max_width_last_edited=&#8221;on|desktop&#8221; custom_padding=&#8221;0px||0px||false|false&#8221; make_fullwidth=&#8221;on&#8221;][et_pb_column type=&#8221;1_2&#8243; _builder_version=&#8221;4.9.4&#8243; background_color=&#8221;#FFFFFF&#8221; custom_padding=&#8221;110px|8%|70px|12%&#8221; custom_padding__hover=&#8221;|||&#8221;][et_pb_text _builder_version=&#8221;4.9.4&#8243; _module_preset=&#8221;default&#8221; text_font=&#8221;Montserrat|700|||||||&#8221; text_text_color=&#8221;rgba(0,0,0,0.64)&#8221; text_font_size=&#8221;16px&#8221;]DURKAT KARTON AMBALAJ<br \/>\nTEKNOLOJ\u0130LER\u0130 SAN. VE T\u0130C. A.\u015e.[\/et_pb_text][et_pb_blurb title=&#8221;AK\u00c7ABURGAZ MH. 3122. SK NO:6 &#8221; use_icon=&#8221;on&#8221; font_icon=&#8221;%%122%%&#8221; icon_color=&#8221;rgba(0,0,0,0.64)&#8221; icon_placement=&#8221;left&#8221; use_icon_font_size=&#8221;on&#8221; icon_font_size=&#8221;20px&#8221; _builder_version=&#8221;4.9.4&#8243; _module_preset=&#8221;default&#8221; header_font=&#8221;Montserrat|700|||||||&#8221; header_text_color=&#8221;rgba(0,0,0,0.64)&#8221; header_font_size=&#8221;14px&#8221; body_font=&#8221;Montserrat|700|||||||&#8221; body_text_color=&#8221;rgba(0,0,0,0.64)&#8221; custom_margin=&#8221;5%||||false|false&#8221;]ESENYURT \/ \u0130STANBUL[\/et_pb_blurb][et_pb_blurb use_icon=&#8221;on&#8221; font_icon=&#8221;%%264%%&#8221; icon_color=&#8221;rgba(0,0,0,0.64)&#8221; icon_placement=&#8221;left&#8221; use_icon_font_size=&#8221;on&#8221; icon_font_size=&#8221;18px&#8221; _builder_version=&#8221;4.9.4&#8243; _module_preset=&#8221;default&#8221; header_text_color=&#8221;rgba(0,0,0,0.64)&#8221; body_font=&#8221;Montserrat|700|||||||&#8221; body_text_color=&#8221;rgba(0,0,0,0.64)&#8221; custom_margin=&#8221;2%||||false|false&#8221;]TEL: 212 886 3031 [\/et_pb_blurb][et_pb_blurb use_icon=&#8221;on&#8221; font_icon=&#8221;%%142%%&#8221; icon_color=&#8221;rgba(0,0,0,0.64)&#8221; icon_placement=&#8221;left&#8221; use_icon_font_size=&#8221;on&#8221; icon_font_size=&#8221;15px&#8221; _builder_version=&#8221;4.9.4&#8243; _module_preset=&#8221;default&#8221; body_font=&#8221;Montserrat|700|||||||&#8221; body_text_color=&#8221;rgba(0,0,0,0.64)&#8221; custom_margin=&#8221;2%||||false|false&#8221;]FAX: 212 886 3032[\/et_pb_blurb][et_pb_code _builder_version=&#8221;4.9.4&#8243; _module_preset=&#8221;default&#8221; custom_margin=&#8221;10%||||false|false&#8221; custom_padding=&#8221;||||false|false&#8221;]<iframe src=\"https:\/\/www.google.com\/maps\/embed?pb=!1m18!1m12!1m3!1d3010.86746286089!2d29.097702315417326!3d41.00627402749697!2m3!1f0!2f0!3f0!3m2!1i1024!2i768!4f13.1!3m3!1m2!1s0x14cac88595223c49%3A0xd3872d9e27dc52db!2sDurkat%20Karton%20Ambalaj%20Teknolojileri%20Sanayi%20Ve%20Ticaret%20Anonim%20%C5%9Eirketi!5e0!3m2!1str!2str!4v1619210558801!5m2!1str!2str\" width=\"4500\" height=\"400\" style=\"border:0;\" allowfullscreen=\"\" loading=\"lazy\"><\/iframe>[\/et_pb_code][\/et_pb_column][et_pb_column type=&#8221;1_2&#8243; _builder_version=&#8221;4.9.4&#8243; background_color=&#8221;#2b2e6d&#8221; custom_padding=&#8221;|5%||5%&#8221; custom_padding__hover=&#8221;|||&#8221;][et_pb_contact_form captcha=&#8221;off&#8221; title=&#8221;\u0130leti\u015fim Formu&#8221; submit_button_text=&#8221;G\u00f6nder&#8221; module_id=&#8221;et_pb_contact_form_0&#8243; _builder_version=&#8221;4.9.4&#8243; form_field_background_color=&#8221;#FFFFFF&#8221; form_field_text_color=&#8221;#777777&#8243; title_font=&#8221;Merriweather|700|||||||&#8221; title_text_color=&#8221;#ffffff&#8221; title_font_size=&#8221;32px&#8221; title_line_height=&#8221;2.8em&#8221; form_field_font=&#8221;Montserrat|600||on|||||&#8221; form_field_font_size=&#8221;13px&#8221; custom_button=&#8221;on&#8221; button_text_size=&#8221;14px&#8221; button_text_color=&#8221;#ffffff&#8221; button_bg_color=&#8221;#4646c4&#8243; button_border_width=&#8221;8px&#8221; button_border_color=&#8221;#4646c4&#8243; button_border_radius=&#8221;4px&#8221; button_letter_spacing=&#8221;1px&#8221; button_font=&#8221;Montserrat|700||on|||||&#8221; button_icon=&#8221;%%3%%&#8221; button_on_hover=&#8221;off&#8221; text_orientation=&#8221;left&#8221; max_width=&#8221;90%&#8221; max_width_tablet=&#8221;86%&#8221; max_width_phone=&#8221;84%&#8221; max_width_last_edited=&#8221;on|phone&#8221; module_alignment=&#8221;center&#8221; custom_margin=&#8221;50px||50px|&#8221; custom_padding=&#8221;|||&#8221; animation_direction=&#8221;right&#8221; form_background_color=&#8221;#2f3186&#8243; button_border_radius_hover=&#8221;0px&#8221; button_letter_spacing_hover=&#8221;1px&#8221;][et_pb_contact_field field_id=&#8221;Name&#8221; field_title=&#8221;Ad\u0131n\u0131z ve Soyad\u0131n\u0131z&#8221; fullwidth_field=&#8221;on&#8221; _builder_version=&#8221;4.9.4&#8243; form_field_font=&#8221;|500|||||||&#8221; border_radii=&#8221;on|4px|4px|4px|4px&#8221; button_text_size__hover_enabled=&#8221;off&#8221; button_one_text_size__hover_enabled=&#8221;off&#8221; button_two_text_size__hover_enabled=&#8221;off&#8221; button_text_color__hover_enabled=&#8221;off&#8221; button_one_text_color__hover_enabled=&#8221;off&#8221; button_two_text_color__hover_enabled=&#8221;off&#8221; button_border_width__hover_enabled=&#8221;off&#8221; button_one_border_width__hover_enabled=&#8221;off&#8221; button_two_border_width__hover_enabled=&#8221;off&#8221; button_border_color__hover_enabled=&#8221;off&#8221; button_one_border_color__hover_enabled=&#8221;off&#8221; button_two_border_color__hover_enabled=&#8221;off&#8221; button_border_radius__hover_enabled=&#8221;off&#8221; button_one_border_radius__hover_enabled=&#8221;off&#8221; button_two_border_radius__hover_enabled=&#8221;off&#8221; button_letter_spacing__hover_enabled=&#8221;off&#8221; button_one_letter_spacing__hover_enabled=&#8221;off&#8221; button_two_letter_spacing__hover_enabled=&#8221;off&#8221; button_bg_color__hover_enabled=&#8221;off&#8221; button_one_bg_color__hover_enabled=&#8221;off&#8221; button_two_bg_color__hover_enabled=&#8221;off&#8221;][\/et_pb_contact_field][et_pb_contact_field field_id=&#8221;phone&#8221; field_title=&#8221;Telefon Numaran\u0131z&#8221; fullwidth_field=&#8221;on&#8221; _builder_version=&#8221;4.9.4&#8243; _module_preset=&#8221;default&#8221; form_field_font=&#8221;|500|||||||&#8221; border_radii=&#8221;on|4px|4px|4px|4px&#8221;][\/et_pb_contact_field][et_pb_contact_field field_id=&#8221;Email_Address&#8221; field_title=&#8221;Email Adres\u0130n\u0130z&#8221; field_type=&#8221;email&#8221; fullwidth_field=&#8221;on&#8221; _builder_version=&#8221;4.9.4&#8243; form_field_font=&#8221;|500|||||||&#8221; border_radii=&#8221;on|4px|4px|4px|4px&#8221; button_text_size__hover_enabled=&#8221;off&#8221; button_one_text_size__hover_enabled=&#8221;off&#8221; button_two_text_size__hover_enabled=&#8221;off&#8221; button_text_color__hover_enabled=&#8221;off&#8221; button_one_text_color__hover_enabled=&#8221;off&#8221; button_two_text_color__hover_enabled=&#8221;off&#8221; button_border_width__hover_enabled=&#8221;off&#8221; button_one_border_width__hover_enabled=&#8221;off&#8221; button_two_border_width__hover_enabled=&#8221;off&#8221; button_border_color__hover_enabled=&#8221;off&#8221; button_one_border_color__hover_enabled=&#8221;off&#8221; button_two_border_color__hover_enabled=&#8221;off&#8221; button_border_radius__hover_enabled=&#8221;off&#8221; button_one_border_radius__hover_enabled=&#8221;off&#8221; button_two_border_radius__hover_enabled=&#8221;off&#8221; button_letter_spacing__hover_enabled=&#8221;off&#8221; button_one_letter_spacing__hover_enabled=&#8221;off&#8221; button_two_letter_spacing__hover_enabled=&#8221;off&#8221; button_bg_color__hover_enabled=&#8221;off&#8221; button_one_bg_color__hover_enabled=&#8221;off&#8221; button_two_bg_color__hover_enabled=&#8221;off&#8221;][\/et_pb_contact_field][et_pb_contact_field field_id=&#8221;Message&#8221; field_title=&#8221;Mesaj\u0131n\u0131z&#8221; field_type=&#8221;text&#8221; fullwidth_field=&#8221;on&#8221; _builder_version=&#8221;4.9.4&#8243; form_field_font=&#8221;|500|||||||&#8221; border_radii=&#8221;on|4px|4px|4px|4px&#8221; button_text_size__hover_enabled=&#8221;off&#8221; button_one_text_size__hover_enabled=&#8221;off&#8221; button_two_text_size__hover_enabled=&#8221;off&#8221; button_text_color__hover_enabled=&#8221;off&#8221; button_one_text_color__hover_enabled=&#8221;off&#8221; button_two_text_color__hover_enabled=&#8221;off&#8221; button_border_width__hover_enabled=&#8221;off&#8221; button_one_border_width__hover_enabled=&#8221;off&#8221; button_two_border_width__hover_enabled=&#8221;off&#8221; button_border_color__hover_enabled=&#8221;off&#8221; button_one_border_color__hover_enabled=&#8221;off&#8221; button_two_border_color__hover_enabled=&#8221;off&#8221; button_border_radius__hover_enabled=&#8221;off&#8221; button_one_border_radius__hover_enabled=&#8221;off&#8221; button_two_border_radius__hover_enabled=&#8221;off&#8221; button_letter_spacing__hover_enabled=&#8221;off&#8221; button_one_letter_spacing__hover_enabled=&#8221;off&#8221; button_two_letter_spacing__hover_enabled=&#8221;off&#8221; button_bg_color__hover_enabled=&#8221;off&#8221; button_one_bg_color__hover_enabled=&#8221;off&#8221; button_two_bg_color__hover_enabled=&#8221;off&#8221;][\/et_pb_contact_field][\/et_pb_contact_form][et_pb_text _builder_version=&#8221;3.27.4&#8243;][\/et_pb_text][\/et_pb_column][\/et_pb_row][\/et_pb_section]<\/p>\n","protected":false},"excerpt":{"rendered":"<p>\u00dcr\u00fcnlerimizMauris blandit aliquet elit, eget tincidunt nibh pulvinar a. Curabitur aliquet quam id dui posuere blandit. Quisque velit nisi, pretium ut lacinia in, elementum id enim.\u00a0Mauris blandit aliquet elit, eget tincidunt nibh pulvinar aliquet quam id dui posuere blandit. Quisque velit nisi, pretium ut Hakk\u0131m\u0131zdaMauris blandit aliquet elit, eget tincidunt nibh pulvinar a. Curabitur aliquet [&hellip;]<\/p>\n","protected":false},"author":1,"featured_media":0,"parent":0,"menu_order":0,"comment_status":"closed","ping_status":"closed","template":"","meta":{"_et_pb_use_builder":"on","_et_pb_old_content":"","_et_gb_content_width":"","footnotes":""},"class_list":["post-11","page","type-page","status-publish","hentry"],"_links":{"self":[{"href":"https:\/\/durkat.com.tr\/index.php\/wp-json\/wp\/v2\/pages\/11","targetHints":{"allow":["GET"]}}],"collection":[{"href":"https:\/\/durkat.com.tr\/index.php\/wp-json\/wp\/v2\/pages"}],"about":[{"href":"https:\/\/durkat.com.tr\/index.php\/wp-json\/wp\/v2\/types\/page"}],"author":[{"embeddable":true,"href":"https:\/\/durkat.com.tr\/index.php\/wp-json\/wp\/v2\/users\/1"}],"replies":[{"embeddable":true,"href":"https:\/\/durkat.com.tr\/index.php\/wp-json\/wp\/v2\/comments?post=11"}],"version-history":[{"count":22,"href":"https:\/\/durkat.com.tr\/index.php\/wp-json\/wp\/v2\/pages\/11\/revisions"}],"predecessor-version":[{"id":181,"href":"https:\/\/durkat.com.tr\/index.php\/wp-json\/wp\/v2\/pages\/11\/revisions\/181"}],"wp:attachment":[{"href":"https:\/\/durkat.com.tr\/index.php\/wp-json\/wp\/v2\/media?parent=11"}],"curies":[{"name":"wp","href":"https:\/\/api.w.org\/{rel}","templated":true}]}}